{"id":162521,"date":"2025-07-16T23:18:56","date_gmt":"2025-07-16T23:18:56","guid":{"rendered":"https:\/\/backsteen.es\/nueva\/index.php\/equipo\/"},"modified":"2025-10-29T11:47:25","modified_gmt":"2025-10-29T11:47:25","slug":"equipo","status":"publish","type":"page","link":"https:\/\/backsteen.es\/index.php\/equipo\/?lang=es","title":{"rendered":"Equipo"},"content":{"rendered":"<div class=\"wpb-content-wrapper\"><p>[vc_row unlock_row_content=&#8221;yes&#8221; row_height_percent=&#8221;0&#8243; override_padding=&#8221;yes&#8221; h_padding=&#8221;0&#8243; top_padding=&#8221;0&#8243; bottom_padding=&#8221;0&#8243; back_color=&#8221;color-wayh&#8221; overlay_alpha=&#8221;50&#8243; gutter_size=&#8221;0&#8243; column_width_percent=&#8221;100&#8243; shift_y=&#8221;0&#8243; z_index=&#8221;0&#8243; content_parallax=&#8221;0&#8243; uncode_shortcode_id=&#8221;135829&#8243; row_height_use=&#8221;auto&#8221; back_color_type=&#8221;uncode-palette&#8221;][vc_column column_width_percent=&#8221;100&#8243; align_horizontal=&#8221;align_center&#8221; gutter_size=&#8221;0&#8243; override_padding=&#8221;yes&#8221; column_padding=&#8221;0&#8243; overlay_alpha=&#8221;50&#8243; shift_x=&#8221;0&#8243; shift_y=&#8221;0&#8243; z_index=&#8221;0&#8243; width=&#8221;1\/1&#8243; uncode_shortcode_id=&#8221;hero_image_column&#8221;][vc_single_image media=&#8221;162522&#8243; media_width_use_pixel=&#8221;no&#8221; media_ratio=&#8221;sixteen-nine&#8221; alignment=&#8221;center&#8221; uncode_shortcode_id=&#8221;192743&#8243; css=&#8221;.vc_custom_1753628672177{margin-bottom: 0px !important;} .vc_single_image-wrapper img { object-fit: cover; object-position: center bottom; height: 100vh; width: 100%; }&#8221; el_id=&#8221;hero_responsive_image&#8221;][\/vc_column][\/vc_row][vc_row unlock_row_content=&#8221;yes&#8221; row_height_percent=&#8221;0&#8243; override_padding=&#8221;yes&#8221; h_padding=&#8221;0&#8243; top_padding=&#8221;2&#8243; bottom_padding=&#8221;2&#8243; overlay_alpha=&#8221;50&#8243; gutter_size=&#8221;0&#8243; column_width_percent=&#8221;100&#8243; shift_y=&#8221;0&#8243; z_index=&#8221;0&#8243; content_parallax=&#8221;0&#8243; uncode_shortcode_id=&#8221;270709&#8243; css=&#8221;.vc_custom_1761737931572{margin-top: 100px !important;margin-bottom: 100px !important;}&#8221; el_class=&#8221;responsive-text-row&#8221;][vc_column column_width_percent=&#8221;100&#8243; align_horizontal=&#8221;align_center&#8221; gutter_size=&#8221;3&#8243; override_padding=&#8221;yes&#8221; column_padding=&#8221;0&#8243; overlay_alpha=&#8221;50&#8243; shift_x=&#8221;0&#8243; shift_y=&#8221;0&#8243; shift_y_down=&#8221;0&#8243; z_index=&#8221;0&#8243; medium_width=&#8221;5&#8243; mobile_width=&#8221;0&#8243; width=&#8221;1\/1&#8243; uncode_shortcode_id=&#8221;460754&#8243;][vc_custom_heading heading_semantic=&#8221;h1&#8243; text_size=&#8221;h1&#8243; text_weight=&#8221;300&#8243; css_animation=&#8221;text-reveal&#8221; text_reveal_opacity=&#8221;20&#8243; text_reveal_speed=&#8221;50&#8243; text_reveal_top=&#8221;50&#8243; uncode_shortcode_id=&#8221;185562&#8243; el_class=&#8221;responsive-main-text&#8221;]<\/p>\n<p style=\"text-align: center;\">En el coraz\u00f3n de BACKSTEEN Studio hay un equipo multidisciplinario, cada uno aportando una perspectiva \u00fanica y una dedicaci\u00f3n inquebrantable a la excelencia. Nuestra fortaleza no reside \u00fanicamente en la experiencia individual, sino en la sinergia de nuestra colaboraci\u00f3n.<br \/>\nNos une una visi\u00f3n compartida y un esp\u00edritu de precisi\u00f3n, creatividad y confianza. Sin embargo, lo que realmente nos define es la solidez de nuestras relaciones internas. En Backsteen, nos enorgullecemos de una cultura de equipo construida sobre el respeto, la curiosidad y la alegr\u00eda de crear juntos. Es este v\u00ednculo el que alimenta nuestro proceso y garantiza que cada proyecto sea tan reflexivo en su ejecuci\u00f3n como ambicioso en su visi\u00f3n.<\/p>\n<p>[\/vc_custom_heading][\/vc_column][\/vc_row][vc_row unlock_row_content=&#8221;yes&#8221; row_height_percent=&#8221;0&#8243; override_padding=&#8221;yes&#8221; h_padding=&#8221;0&#8243; top_padding=&#8221;2&#8243; bottom_padding=&#8221;2&#8243; overlay_alpha=&#8221;50&#8243; gutter_size=&#8221;3&#8243; column_width_percent=&#8221;100&#8243; shift_y=&#8221;0&#8243; z_index=&#8221;0&#8243; content_parallax=&#8221;0&#8243; uncode_shortcode_id=&#8221;158867&#8243;][vc_column width=&#8221;1\/1&#8243;][vc_gallery el_id=&#8221;gallery-166150&#8243; medias=&#8221;162523,162534,162524,162525,162527,162526,162528,162529,162531,162530,162532,162533&#8243; gutter_size=&#8221;3&#8243; media_items=&#8221;media|nolink|original,icon,description&#8221; screen_lg=&#8221;1000&#8243; screen_md=&#8221;600&#8243; screen_sm=&#8221;480&#8243; single_width=&#8221;6&#8243; single_overlay_opacity=&#8221;50&#8243; single_padding=&#8221;2&#8243; lbox_gallery_arrows=&#8221;no&#8221; uncode_shortcode_id=&#8221;205957&#8243; items=&#8221;eyIxNjE3NTRfaSI6eyJzaW5nbGVfb3ZlcmxheV92aXNpYmxlIjoibm8iLCJzaW5nbGVfdGV4dF92aXNpYmxlIjoieWVzIiwic2luZ2xlX3RleHQiOiJvdmVybGF5Iiwic2luZ2xlX3RleHRfYW5pbSI6Im5vIiwic2luZ2xlX2ltYWdlX2FuaW0iOiJubyIsInNpbmdsZV9vdmVybGF5X2FuaW0iOiJubyIsInNpbmdsZV9zdHlsZSI6ImRhcmsiLCJzaW5nbGVfaF9hbGlnbiI6ImNlbnRlciIsInNpbmdsZV9ib3JkZXIiOiJ5ZXMiLCJzaW5nbGVfdGl0bGVfc2VtYW50aWMiOiJoMSIsInNpbmdsZV90ZXh0X2xlYWQiOiJ5ZXMiLCJzaW5nbGVfdGl0bGVfZGltZW5zaW9uIjoiY3VzdG9tIiwiaGVhZGluZ19jdXN0b21fc2l6ZSI6ImNsYW1wKDI0cHgsNXZ3LDQ4cHgpIiwic2luZ2xlX3RpdGxlX2ZhbWlseSI6IiIsInNpbmdsZV90aXRsZV93ZWlnaHQiOiI2MDAiLCJzaW5nbGVfbGF5b3V0X21lZGlhX2l0ZW1zIjoibWVkaWF8bm9saW5rfG9yaWdpbmFsLGljb24ifSwiMTYyNTM0X2kiOnsic2luZ2xlX3N0eWxlIjoiZGFyayIsInNpbmdsZV9vdmVybGF5X2FuaW0iOiJubyIsInNpbmdsZV90ZXh0X3Zpc2libGUiOiJ5ZXMiLCJzaW5nbGVfdGV4dF9hbmltIjoibm8iLCJzaW5nbGVfaW1hZ2VfYW5pbSI6Im5vIiwic2luZ2xlX2hfYWxpZ24iOiJjZW50ZXIiLCJzaW5nbGVfdGl0bGVfc2VtYW50aWMiOiJoMSIsInNpbmdsZV90aXRsZV9kaW1lbnNpb24iOiJjdXN0b20iLCJoZWFkaW5nX2N1c3RvbV9zaXplIjoiY2xhbXAoMjRweCw1dncsNDhweCkiLCJzaW5nbGVfdGl0bGVfd2VpZ2h0IjoiNjAwIiwic2luZ2xlX3RleHRfbGVhZCI6InllcyIsInNpbmdsZV9sYXlvdXRfbWVkaWFfaXRlbXMiOiJtZWRpYXxub2xpbmt8b3JpZ2luYWwsaWNvbiJ9fQ==&#8221; el_class=&#8221;backsteen_team_gallery&#8221;][\/vc_column][\/vc_row]<\/p>\n<\/div>","protected":false},"excerpt":{"rendered":"<p>[vc_row unlock_row_content=&#8221;yes&#8221; row_height_percent=&#8221;0&#8243; override_padding=&#8221;yes&#8221; h_padding=&#8221;0&#8243; top_padding=&#8221;0&#8243; bottom_padding=&#8221;0&#8243; back_color=&#8221;color-wayh&#8221; overlay_alpha=&#8221;50&#8243; gutter_size=&#8221;0&#8243; column_width_percent=&#8221;100&#8243; shift_y=&#8221;0&#8243; z_index=&#8221;0&#8243; content_parallax=&#8221;0&#8243; uncode_shortcode_id=&#8221;135829&#8243; row_height_use=&#8221;auto&#8221; back_color_type=&#8221;uncode-palette&#8221;][vc_column column_width_percent=&#8221;100&#8243; align_horizontal=&#8221;align_center&#8221; gutter_size=&#8221;0&#8243; [&hellip;]<\/p>\n","protected":false},"author":2,"featured_media":0,"parent":0,"menu_order":0,"comment_status":"closed","ping_status":"closed","template":"","meta":{"footnotes":""},"class_list":["post-162521","page","type-page","status-publish","hentry"],"_links":{"self":[{"href":"https:\/\/backsteen.es\/index.php\/wp-json\/wp\/v2\/pages\/162521","targetHints":{"allow":["GET"]}}],"collection":[{"href":"https:\/\/backsteen.es\/index.php\/wp-json\/wp\/v2\/pages"}],"about":[{"href":"https:\/\/backsteen.es\/index.php\/wp-json\/wp\/v2\/types\/page"}],"author":[{"embeddable":true,"href":"https:\/\/backsteen.es\/index.php\/wp-json\/wp\/v2\/users\/2"}],"replies":[{"embeddable":true,"href":"https:\/\/backsteen.es\/index.php\/wp-json\/wp\/v2\/comments?post=162521"}],"version-history":[{"count":15,"href":"https:\/\/backsteen.es\/index.php\/wp-json\/wp\/v2\/pages\/162521\/revisions"}],"predecessor-version":[{"id":163885,"href":"https:\/\/backsteen.es\/index.php\/wp-json\/wp\/v2\/pages\/162521\/revisions\/163885"}],"wp:attachment":[{"href":"https:\/\/backsteen.es\/index.php\/wp-json\/wp\/v2\/media?parent=162521"}],"curies":[{"name":"wp","href":"https:\/\/api.w.org\/{rel}","templated":true}]}}